{"id":10,"date":"2021-03-08T19:01:56","date_gmt":"2021-03-08T19:01:56","guid":{"rendered":"https:\/\/panuhallstrom.fi\/?page_id=10"},"modified":"2025-04-12T23:16:59","modified_gmt":"2025-04-12T20:16:59","slug":"yrityspalvelut","status":"publish","type":"page","link":"https:\/\/panuhallstrom.fi\/","title":{"rendered":"Tmi Panu H\u00e4llstr\u00f6m"},"content":{"rendered":"\n<p class=\"has-normal-font-size\"><\/p>\n\n\n\n<figure class=\"wp-block-embed is-type-video is-provider-youtube wp-block-embed-youtube wp-embed-aspect-16-9 wp-has-aspect-ratio\"><div class=\"wp-block-embed__wrapper\">\n<iframe loading=\"lazy\" title=\"PANU H\u00c4LLSTR\u00d6M Joensuun reippainta kunnossapitoa #joensuu #kunnossapito #pihaty\u00f6t\" width=\"800\" height=\"450\" src=\"https:\/\/www.youtube.com\/embed\/kTA8uD-I_gU?feature=oembed\" frameborder=\"0\" allow=\"accelerometer; autoplay; clipboard-write; encrypted-media; gyroscope; picture-in-picture; web-share\" referrerpolicy=\"strict-origin-when-cross-origin\" allowfullscreen><\/iframe>\n<\/div><\/figure>\n\n\n\n<hr class=\"wp-block-separator has-alpha-channel-opacity\"\/>\n\n\n\n<div class=\"wp-block-columns is-layout-flex wp-container-core-columns-is-layout-1 wp-block-columns-is-layout-flex\">\n<div class=\"wp-block-column is-layout-flow wp-block-column-is-layout-flow\">\n<figure class=\"wp-block-image size-large\"><img loading=\"lazy\" decoding=\"async\" width=\"1024\" height=\"768\" src=\"https:\/\/panuhallstrom.fi\/wp-content\/uploads\/2025\/04\/ranger-1024x768.jpg\" alt=\"\" class=\"wp-image-300\" srcset=\"https:\/\/panuhallstrom.fi\/wp-content\/uploads\/2025\/04\/ranger-1024x768.jpg 1024w, https:\/\/panuhallstrom.fi\/wp-content\/uploads\/2025\/04\/ranger-300x225.jpg 300w, https:\/\/panuhallstrom.fi\/wp-content\/uploads\/2025\/04\/ranger-768x576.jpg 768w, https:\/\/panuhallstrom.fi\/wp-content\/uploads\/2025\/04\/ranger-1536x1152.jpg 1536w, https:\/\/panuhallstrom.fi\/wp-content\/uploads\/2025\/04\/ranger-2048x1536.jpg 2048w\" sizes=\"(max-width: 1024px) 100vw, 1024px\" \/><\/figure>\n<\/div>\n\n\n\n<div class=\"wp-block-column is-layout-flow wp-block-column-is-layout-flow\">\n<figure class=\"wp-block-image size-large\"><img loading=\"lazy\" decoding=\"async\" width=\"1024\" height=\"767\" src=\"https:\/\/panuhallstrom.fi\/wp-content\/uploads\/2025\/04\/avant-1024x767.jpeg\" alt=\"\" class=\"wp-image-301\" srcset=\"https:\/\/panuhallstrom.fi\/wp-content\/uploads\/2025\/04\/avant-1024x767.jpeg 1024w, https:\/\/panuhallstrom.fi\/wp-content\/uploads\/2025\/04\/avant-300x225.jpeg 300w, https:\/\/panuhallstrom.fi\/wp-content\/uploads\/2025\/04\/avant-768x575.jpeg 768w, https:\/\/panuhallstrom.fi\/wp-content\/uploads\/2025\/04\/avant-1536x1151.jpeg 1536w, https:\/\/panuhallstrom.fi\/wp-content\/uploads\/2025\/04\/avant-2048x1534.jpeg 2048w\" sizes=\"(max-width: 1024px) 100vw, 1024px\" \/><\/figure>\n<\/div>\n<\/div>\n\n\n\n<p><\/p>\n\n\n\n<p><\/p>\n","protected":false},"excerpt":{"rendered":"","protected":false},"author":1,"featured_media":0,"parent":0,"menu_order":0,"comment_status":"closed","ping_status":"closed","template":"","meta":{"footnotes":""},"class_list":["post-10","page","type-page","status-publish","hentry"],"_links":{"self":[{"href":"https:\/\/panuhallstrom.fi\/index.php?rest_route=\/wp\/v2\/pages\/10"}],"collection":[{"href":"https:\/\/panuhallstrom.fi\/index.php?rest_route=\/wp\/v2\/pages"}],"about":[{"href":"https:\/\/panuhallstrom.fi\/index.php?rest_route=\/wp\/v2\/types\/page"}],"author":[{"embeddable":true,"href":"https:\/\/panuhallstrom.fi\/index.php?rest_route=\/wp\/v2\/users\/1"}],"replies":[{"embeddable":true,"href":"https:\/\/panuhallstrom.fi\/index.php?rest_route=%2Fwp%2Fv2%2Fcomments&post=10"}],"version-history":[{"count":73,"href":"https:\/\/panuhallstrom.fi\/index.php?rest_route=\/wp\/v2\/pages\/10\/revisions"}],"predecessor-version":[{"id":313,"href":"https:\/\/panuhallstrom.fi\/index.php?rest_route=\/wp\/v2\/pages\/10\/revisions\/313"}],"wp:attachment":[{"href":"https:\/\/panuhallstrom.fi\/index.php?rest_route=%2Fwp%2Fv2%2Fmedia&parent=10"}],"curies":[{"name":"wp","href":"https:\/\/api.w.org\/{rel}","templated":true}]}}