{"id":233,"date":"2023-04-25T19:53:00","date_gmt":"2023-04-25T16:53:00","guid":{"rendered":"https:\/\/panuhallstrom.fi\/?page_id=233"},"modified":"2025-06-22T23:56:18","modified_gmt":"2025-06-22T20:56:18","slug":"referenssit","status":"publish","type":"page","link":"https:\/\/panuhallstrom.fi\/?page_id=233","title":{"rendered":"Referenssit"},"content":{"rendered":"\n<p><a href=\"https:\/\/nestesortavalankatu.com\">Neste Sortavalankatu<\/a><\/p>\n\n\n\n<p><a href=\"https:\/\/jokiclean.fi\/index.html\">JokiClean Oy<\/a><\/p>\n\n\n\n<p><a href=\"https:\/\/www.hallstrom.fi\">H\u00e4llstr\u00f6m Security Oy<\/a><\/p>\n\n\n\n<p><a href=\"https:\/\/www.jela.fi\">Joen el\u00e4inl\u00e4\u00e4k\u00e4riasema Oy<\/a><\/p>\n\n\n\n<p><a href=\"https:\/\/www.jokivet.fi\">Jokivet Oy<\/a><\/p>\n\n\n\n<p><a href=\"https:\/\/www.tikkaconsulting.fi\">Tikka Group Oy<\/a><\/p>\n\n\n\n<p><a href=\"https:\/\/www.pekkaniiranen.fi\">Pekka Niiranen<\/a><\/p>\n\n\n\n<p>Juha Mustonen<\/p>\n\n\n\n<p>Jyrki Piiparinen<\/p>\n\n\n\n<p><a href=\"https:\/\/www.triogroup.fi\">Trio Group Oy<\/a><\/p>\n\n\n\n<p><a href=\"https:\/\/pko.fi\/\">PKO Pohjois-Karjalan Osuuskauppa<\/a><\/p>\n\n\n\n<p><a href=\"https:\/\/www.k-ruoka.fi\/kauppa\/k-supermarket-evaskontti\">K-Supermarket Ev\u00e4skontti<\/a><\/p>\n\n\n\n<p><a href=\"https:\/\/www.nesteniinivaara.fi\/\">Neste Niinivaara<\/a><\/p>\n\n\n\n<p><\/p>\n","protected":false},"excerpt":{"rendered":"<p>Neste Sortavalankatu JokiClean Oy H\u00e4llstr\u00f6m Security Oy Joen el\u00e4inl\u00e4\u00e4k\u00e4riasema Oy Jokivet Oy Tikka Group Oy Pekka Niiranen Juha Mustonen Jyrki Piiparinen Trio Group Oy PKO Pohjois-Karjalan Osuuskauppa K-Supermarket Ev\u00e4skontti Neste &#8230;<\/p>\n","protected":false},"author":1,"featured_media":0,"parent":0,"menu_order":0,"comment_status":"closed","ping_status":"closed","template":"","meta":{"footnotes":""},"class_list":["post-233","page","type-page","status-publish","hentry"],"_links":{"self":[{"href":"https:\/\/panuhallstrom.fi\/index.php?rest_route=\/wp\/v2\/pages\/233"}],"collection":[{"href":"https:\/\/panuhallstrom.fi\/index.php?rest_route=\/wp\/v2\/pages"}],"about":[{"href":"https:\/\/panuhallstrom.fi\/index.php?rest_route=\/wp\/v2\/types\/page"}],"author":[{"embeddable":true,"href":"https:\/\/panuhallstrom.fi\/index.php?rest_route=\/wp\/v2\/users\/1"}],"replies":[{"embeddable":true,"href":"https:\/\/panuhallstrom.fi\/index.php?rest_route=%2Fwp%2Fv2%2Fcomments&post=233"}],"version-history":[{"count":10,"href":"https:\/\/panuhallstrom.fi\/index.php?rest_route=\/wp\/v2\/pages\/233\/revisions"}],"predecessor-version":[{"id":328,"href":"https:\/\/panuhallstrom.fi\/index.php?rest_route=\/wp\/v2\/pages\/233\/revisions\/328"}],"wp:attachment":[{"href":"https:\/\/panuhallstrom.fi\/index.php?rest_route=%2Fwp%2Fv2%2Fmedia&parent=233"}],"curies":[{"name":"wp","href":"https:\/\/api.w.org\/{rel}","templated":true}]}}